{"id":27,"date":"2024-01-29T21:19:50","date_gmt":"2024-01-29T20:19:50","guid":{"rendered":"https:\/\/dev.unlimitech.pl\/?page_id=27"},"modified":"2025-10-13T16:14:06","modified_gmt":"2025-10-13T14:14:06","slug":"kontakt","status":"publish","type":"page","link":"https:\/\/knect.pl\/en\/contact\/","title":{"rendered":"Contact"},"content":{"rendered":"","protected":false},"excerpt":{"rendered":"","protected":false},"author":3,"featured_media":0,"parent":0,"menu_order":0,"comment_status":"closed","ping_status":"closed","template":"page-contact.php","meta":{"inline_featured_image":false,"footnotes":""},"class_list":["post-27","page","type-page","status-publish","hentry"],"acf":[],"yoast_head":"<!-- This site is optimized with the Yoast SEO plugin v22.8 - https:\/\/yoast.com\/wordpress\/plugins\/seo\/ -->\n<title>Kontakt<\/title>\n<meta name=\"description\" content=\"Fashion X Irmina Dziedzic NIP: 7282646141Piasta Ko\u0142odzieja 25 lok. 7, 92-413 \u0141\u00f3d\u017a\" \/>\n<meta name=\"robots\" content=\"noindex, follow, max-snippet:-1, max-image-preview:large, max-video-preview:-1\" \/>\n<meta property=\"og:locale\" content=\"en_GB\" \/>\n<meta property=\"og:type\" content=\"article\" \/>\n<meta property=\"og:title\" content=\"Kontakt\" \/>\n<meta property=\"og:description\" content=\"Fashion X Irmina Dziedzic NIP: 7282646141Piasta Ko\u0142odzieja 25 lok. 7, 92-413 \u0141\u00f3d\u017a\" \/>\n<meta property=\"og:url\" content=\"https:\/\/knect.pl\/en\/contact\/\" \/>\n<meta property=\"og:site_name\" content=\"K&#039;nect\" \/>\n<meta property=\"article:modified_time\" content=\"2025-10-13T14:14:06+00:00\" \/>\n<meta name=\"twitter:card\" content=\"summary_large_image\" \/>\n<script type=\"application\/ld+json\" class=\"yoast-schema-graph\">{\"@context\":\"https:\/\/schema.org\",\"@graph\":[{\"@type\":\"WebPage\",\"@id\":\"https:\/\/knect.pl\/kontakt\/\",\"url\":\"https:\/\/knect.pl\/kontakt\/\",\"name\":\"Kontakt\",\"isPartOf\":{\"@id\":\"https:\/\/knect.pl\/#website\"},\"datePublished\":\"2024-01-29T20:19:50+00:00\",\"dateModified\":\"2025-10-13T14:14:06+00:00\",\"description\":\"Fashion X Irmina Dziedzic NIP: 7282646141Piasta Ko\u0142odzieja 25 lok. 7, 92-413 \u0141\u00f3d\u017a\",\"breadcrumb\":{\"@id\":\"https:\/\/knect.pl\/kontakt\/#breadcrumb\"},\"inLanguage\":\"en-GB\",\"potentialAction\":[{\"@type\":\"ReadAction\",\"target\":[\"https:\/\/knect.pl\/kontakt\/\"]}]},{\"@type\":\"BreadcrumbList\",\"@id\":\"https:\/\/knect.pl\/kontakt\/#breadcrumb\",\"itemListElement\":[{\"@type\":\"ListItem\",\"position\":1,\"name\":\"Strona g\u0142\u00f3wna\",\"item\":\"https:\/\/knect.pl\/\"},{\"@type\":\"ListItem\",\"position\":2,\"name\":\"Kontakt\"}]},{\"@type\":\"WebSite\",\"@id\":\"https:\/\/knect.pl\/#website\",\"url\":\"https:\/\/knect.pl\/\",\"name\":\"HulukiTrade\",\"description\":\"K&#039;nect\",\"publisher\":{\"@id\":\"https:\/\/knect.pl\/#organization\"},\"potentialAction\":[{\"@type\":\"SearchAction\",\"target\":{\"@type\":\"EntryPoint\",\"urlTemplate\":\"https:\/\/knect.pl\/?s={search_term_string}\"},\"query-input\":\"required name=search_term_string\"}],\"inLanguage\":\"en-GB\"},{\"@type\":\"Organization\",\"@id\":\"https:\/\/knect.pl\/#organization\",\"name\":\"HulukiTrade\",\"url\":\"https:\/\/knect.pl\/\",\"logo\":{\"@type\":\"ImageObject\",\"inLanguage\":\"en-GB\",\"@id\":\"https:\/\/knect.pl\/#\/schema\/logo\/image\/\",\"url\":\"https:\/\/hulukitrade.unlimitech.pl\/wp-content\/uploads\/2024\/04\/Group-12331-1.svg\",\"contentUrl\":\"https:\/\/hulukitrade.unlimitech.pl\/wp-content\/uploads\/2024\/04\/Group-12331-1.svg\",\"width\":243,\"height\":243,\"caption\":\"HulukiTrade\"},\"image\":{\"@id\":\"https:\/\/knect.pl\/#\/schema\/logo\/image\/\"}}]}<\/script>\n<!-- \/ Yoast SEO plugin. -->","yoast_head_json":{"title":"Kontakt","description":"Fashion X Irmina Dziedzic NIP: 7282646141Piasta Ko\u0142odzieja 25 lok. 7, 92-413 \u0141\u00f3d\u017a","robots":{"index":"noindex","follow":"follow","max-snippet":"max-snippet:-1","max-image-preview":"max-image-preview:large","max-video-preview":"max-video-preview:-1"},"og_locale":"en_GB","og_type":"article","og_title":"Kontakt","og_description":"Fashion X Irmina Dziedzic NIP: 7282646141Piasta Ko\u0142odzieja 25 lok. 7, 92-413 \u0141\u00f3d\u017a","og_url":"https:\/\/knect.pl\/en\/contact\/","og_site_name":"K&#039;nect","article_modified_time":"2025-10-13T14:14:06+00:00","twitter_card":"summary_large_image","schema":{"@context":"https:\/\/schema.org","@graph":[{"@type":"WebPage","@id":"https:\/\/knect.pl\/kontakt\/","url":"https:\/\/knect.pl\/kontakt\/","name":"Kontakt","isPartOf":{"@id":"https:\/\/knect.pl\/#website"},"datePublished":"2024-01-29T20:19:50+00:00","dateModified":"2025-10-13T14:14:06+00:00","description":"Fashion X Irmina Dziedzic NIP: 7282646141Piasta Ko\u0142odzieja 25 lok. 7, 92-413 \u0141\u00f3d\u017a","breadcrumb":{"@id":"https:\/\/knect.pl\/kontakt\/#breadcrumb"},"inLanguage":"en-GB","potentialAction":[{"@type":"ReadAction","target":["https:\/\/knect.pl\/kontakt\/"]}]},{"@type":"BreadcrumbList","@id":"https:\/\/knect.pl\/kontakt\/#breadcrumb","itemListElement":[{"@type":"ListItem","position":1,"name":"Strona g\u0142\u00f3wna","item":"https:\/\/knect.pl\/"},{"@type":"ListItem","position":2,"name":"Kontakt"}]},{"@type":"WebSite","@id":"https:\/\/knect.pl\/#website","url":"https:\/\/knect.pl\/","name":"HulukiTrade","description":"K&#039;nect","publisher":{"@id":"https:\/\/knect.pl\/#organization"},"potentialAction":[{"@type":"SearchAction","target":{"@type":"EntryPoint","urlTemplate":"https:\/\/knect.pl\/?s={search_term_string}"},"query-input":"required name=search_term_string"}],"inLanguage":"en-GB"},{"@type":"Organization","@id":"https:\/\/knect.pl\/#organization","name":"HulukiTrade","url":"https:\/\/knect.pl\/","logo":{"@type":"ImageObject","inLanguage":"en-GB","@id":"https:\/\/knect.pl\/#\/schema\/logo\/image\/","url":"https:\/\/hulukitrade.unlimitech.pl\/wp-content\/uploads\/2024\/04\/Group-12331-1.svg","contentUrl":"https:\/\/hulukitrade.unlimitech.pl\/wp-content\/uploads\/2024\/04\/Group-12331-1.svg","width":243,"height":243,"caption":"HulukiTrade"},"image":{"@id":"https:\/\/knect.pl\/#\/schema\/logo\/image\/"}}]}},"_links":{"self":[{"href":"https:\/\/knect.pl\/en\/wp-json\/wp\/v2\/pages\/27","targetHints":{"allow":["GET"]}}],"collection":[{"href":"https:\/\/knect.pl\/en\/wp-json\/wp\/v2\/pages"}],"about":[{"href":"https:\/\/knect.pl\/en\/wp-json\/wp\/v2\/types\/page"}],"author":[{"embeddable":true,"href":"https:\/\/knect.pl\/en\/wp-json\/wp\/v2\/users\/3"}],"replies":[{"embeddable":true,"href":"https:\/\/knect.pl\/en\/wp-json\/wp\/v2\/comments?post=27"}],"version-history":[{"count":18,"href":"https:\/\/knect.pl\/en\/wp-json\/wp\/v2\/pages\/27\/revisions"}],"predecessor-version":[{"id":1267,"href":"https:\/\/knect.pl\/en\/wp-json\/wp\/v2\/pages\/27\/revisions\/1267"}],"wp:attachment":[{"href":"https:\/\/knect.pl\/en\/wp-json\/wp\/v2\/media?parent=27"}],"curies":[{"name":"wp","href":"https:\/\/api.w.org\/{rel}","templated":true}]}}