{"id":1147,"date":"2024-05-20T16:07:22","date_gmt":"2024-05-20T14:07:22","guid":{"rendered":"https:\/\/hulukitrade.unlimitech.pl\/?page_id=1147"},"modified":"2024-05-20T16:07:22","modified_gmt":"2024-05-20T14:07:22","slug":"polityka-plikow-cookies","status":"publish","type":"page","link":"https:\/\/knect.pl\/en\/cookie-policy\/","title":{"rendered":"Cookie policy"},"content":{"rendered":"<ol class=\"wp-block-list\">\n<li>The website owner automatically collects information contained in cookies in order to collect data related to the use of the website by the User. <\/li>\n\n\n\n<li>A cookie file is a small fragment of text that the website sends to the Customer&#039;s browser and which the browser sends back upon subsequent visits to the website. They are mainly used to maintain the session, e.g. by generating and sending a temporary identifier after logging in. <\/li>\n\n\n\n<li>We use &quot;session&quot; cookies stored on the Customer&#039;s end device until he or she logs out, turns off the website or turns off the web browser, and &quot;persistent&quot; cookies stored on the Customer&#039;s end device for the time specified in the cookie parameters or until they are deleted by the Customer. <\/li>\n\n\n\n<li>Cookies adapt and optimize this website for the needs of our video game services, and additionally include activities such as creating statistics of website views and ensuring website security. <\/li>\n\n\n\n<li>Cookies are also necessary to maintain the Customer&#039;s session after he or she leaves the website. <\/li>\n\n\n\n<li>The Administrator processes the data contained in Cookies each time the website is visited by visitors for the following purposes: - optimizing the use of the website, - identifying Service Recipients as currently active users of the website, - Customization, graphics, selection options and all other other content of the website to suit the individual preferences of the Service User; \u2013 remembering automatically and manually completed data from Forms, \u2013 collecting and analyzing anonymous statistics showing how the website is used in the server administration panel and the Google Analytics service, \u2013 creating remarketing lists based on information about preferences, behavior, and interests. from the Website and collecting demographic data, and then making these lists available in Google AdWords and Facebook Ads services. \u2013 creating data segments based on demographic information, interests, preferences based on the choices you make, \u2013 using demographic and interest data in Analytics reports. <\/li>\n\n\n\n<li>You can completely block and delete the collection of Cookies at any time via your web browser.<\/li>\n\n\n\n<li>Blocking the ability to collect cookies on your device may make it difficult or impossible for you to use some of the functionalities of this website, but you must be aware of these limitations in such a situation. <\/li>\n\n\n\n<li>If you do not consent to storing cookies for the purpose described above, you can delete them manually at any time in your Internet browser settings. <\/li>\n\n\n\n<li>More information about Cookies is available in the help menu of each web browser.<\/li>\n<\/ol>","protected":false},"excerpt":{"rendered":"","protected":false},"author":2,"featured_media":0,"parent":0,"menu_order":0,"comment_status":"closed","ping_status":"closed","template":"page-single.php","meta":{"inline_featured_image":false,"footnotes":""},"class_list":["post-1147","page","type-page","status-publish","hentry"],"acf":[],"yoast_head":"<!-- This site is optimized with the Yoast SEO plugin v22.8 - https:\/\/yoast.com\/wordpress\/plugins\/seo\/ -->\n<title>Polityka plik\u00f3w cookies<\/title>\n<meta name=\"description\" content=\"Dowiesz si\u0119 w jaki spos\u00f3b przetwarzamy Twoje dane osobowe w naszej firmie.\" \/>\n<meta name=\"robots\" content=\"noindex, follow, max-snippet:-1, max-image-preview:large, max-video-preview:-1\" \/>\n<meta property=\"og:locale\" content=\"en_GB\" \/>\n<meta property=\"og:type\" content=\"article\" \/>\n<meta property=\"og:title\" content=\"Polityka plik\u00f3w cookies\" \/>\n<meta property=\"og:description\" content=\"Dowiesz si\u0119 w jaki spos\u00f3b przetwarzamy Twoje dane osobowe w naszej firmie.\" \/>\n<meta property=\"og:url\" content=\"https:\/\/knect.pl\/en\/cookie-policy\/\" \/>\n<meta property=\"og:site_name\" content=\"K&#039;nect\" \/>\n<meta name=\"twitter:card\" content=\"summary_large_image\" \/>\n<meta name=\"twitter:label1\" content=\"Estimated reading time\" \/>\n\t<meta name=\"twitter:data1\" content=\"2 minutes\" \/>\n<script type=\"application\/ld+json\" class=\"yoast-schema-graph\">{\"@context\":\"https:\/\/schema.org\",\"@graph\":[{\"@type\":\"WebPage\",\"@id\":\"https:\/\/knect.pl\/polityka-plikow-cookies\/\",\"url\":\"https:\/\/knect.pl\/polityka-plikow-cookies\/\",\"name\":\"Polityka plik\u00f3w cookies\",\"isPartOf\":{\"@id\":\"https:\/\/knect.pl\/#website\"},\"datePublished\":\"2024-05-20T14:07:22+00:00\",\"dateModified\":\"2024-05-20T14:07:22+00:00\",\"description\":\"Dowiesz si\u0119 w jaki spos\u00f3b przetwarzamy Twoje dane osobowe w naszej firmie.\",\"breadcrumb\":{\"@id\":\"https:\/\/knect.pl\/polityka-plikow-cookies\/#breadcrumb\"},\"inLanguage\":\"en-GB\",\"potentialAction\":[{\"@type\":\"ReadAction\",\"target\":[\"https:\/\/knect.pl\/polityka-plikow-cookies\/\"]}]},{\"@type\":\"BreadcrumbList\",\"@id\":\"https:\/\/knect.pl\/polityka-plikow-cookies\/#breadcrumb\",\"itemListElement\":[{\"@type\":\"ListItem\",\"position\":1,\"name\":\"Strona g\u0142\u00f3wna\",\"item\":\"https:\/\/knect.pl\/\"},{\"@type\":\"ListItem\",\"position\":2,\"name\":\"Polityka plik\u00f3w cookies\"}]},{\"@type\":\"WebSite\",\"@id\":\"https:\/\/knect.pl\/#website\",\"url\":\"https:\/\/knect.pl\/\",\"name\":\"HulukiTrade\",\"description\":\"K&#039;nect\",\"publisher\":{\"@id\":\"https:\/\/knect.pl\/#organization\"},\"potentialAction\":[{\"@type\":\"SearchAction\",\"target\":{\"@type\":\"EntryPoint\",\"urlTemplate\":\"https:\/\/knect.pl\/?s={search_term_string}\"},\"query-input\":\"required name=search_term_string\"}],\"inLanguage\":\"en-GB\"},{\"@type\":\"Organization\",\"@id\":\"https:\/\/knect.pl\/#organization\",\"name\":\"HulukiTrade\",\"url\":\"https:\/\/knect.pl\/\",\"logo\":{\"@type\":\"ImageObject\",\"inLanguage\":\"en-GB\",\"@id\":\"https:\/\/knect.pl\/#\/schema\/logo\/image\/\",\"url\":\"https:\/\/hulukitrade.unlimitech.pl\/wp-content\/uploads\/2024\/04\/Group-12331-1.svg\",\"contentUrl\":\"https:\/\/hulukitrade.unlimitech.pl\/wp-content\/uploads\/2024\/04\/Group-12331-1.svg\",\"width\":243,\"height\":243,\"caption\":\"HulukiTrade\"},\"image\":{\"@id\":\"https:\/\/knect.pl\/#\/schema\/logo\/image\/\"}}]}<\/script>\n<!-- \/ Yoast SEO plugin. -->","yoast_head_json":{"title":"Polityka plik\u00f3w cookies","description":"Dowiesz si\u0119 w jaki spos\u00f3b przetwarzamy Twoje dane osobowe w naszej firmie.","robots":{"index":"noindex","follow":"follow","max-snippet":"max-snippet:-1","max-image-preview":"max-image-preview:large","max-video-preview":"max-video-preview:-1"},"og_locale":"en_GB","og_type":"article","og_title":"Polityka plik\u00f3w cookies","og_description":"Dowiesz si\u0119 w jaki spos\u00f3b przetwarzamy Twoje dane osobowe w naszej firmie.","og_url":"https:\/\/knect.pl\/en\/cookie-policy\/","og_site_name":"K&#039;nect","twitter_card":"summary_large_image","twitter_misc":{"Estimated reading time":"2 minutes"},"schema":{"@context":"https:\/\/schema.org","@graph":[{"@type":"WebPage","@id":"https:\/\/knect.pl\/polityka-plikow-cookies\/","url":"https:\/\/knect.pl\/polityka-plikow-cookies\/","name":"Polityka plik\u00f3w cookies","isPartOf":{"@id":"https:\/\/knect.pl\/#website"},"datePublished":"2024-05-20T14:07:22+00:00","dateModified":"2024-05-20T14:07:22+00:00","description":"Dowiesz si\u0119 w jaki spos\u00f3b przetwarzamy Twoje dane osobowe w naszej firmie.","breadcrumb":{"@id":"https:\/\/knect.pl\/polityka-plikow-cookies\/#breadcrumb"},"inLanguage":"en-GB","potentialAction":[{"@type":"ReadAction","target":["https:\/\/knect.pl\/polityka-plikow-cookies\/"]}]},{"@type":"BreadcrumbList","@id":"https:\/\/knect.pl\/polityka-plikow-cookies\/#breadcrumb","itemListElement":[{"@type":"ListItem","position":1,"name":"Strona g\u0142\u00f3wna","item":"https:\/\/knect.pl\/"},{"@type":"ListItem","position":2,"name":"Polityka plik\u00f3w cookies"}]},{"@type":"WebSite","@id":"https:\/\/knect.pl\/#website","url":"https:\/\/knect.pl\/","name":"HulukiTrade","description":"K&#039;nect","publisher":{"@id":"https:\/\/knect.pl\/#organization"},"potentialAction":[{"@type":"SearchAction","target":{"@type":"EntryPoint","urlTemplate":"https:\/\/knect.pl\/?s={search_term_string}"},"query-input":"required name=search_term_string"}],"inLanguage":"en-GB"},{"@type":"Organization","@id":"https:\/\/knect.pl\/#organization","name":"HulukiTrade","url":"https:\/\/knect.pl\/","logo":{"@type":"ImageObject","inLanguage":"en-GB","@id":"https:\/\/knect.pl\/#\/schema\/logo\/image\/","url":"https:\/\/hulukitrade.unlimitech.pl\/wp-content\/uploads\/2024\/04\/Group-12331-1.svg","contentUrl":"https:\/\/hulukitrade.unlimitech.pl\/wp-content\/uploads\/2024\/04\/Group-12331-1.svg","width":243,"height":243,"caption":"HulukiTrade"},"image":{"@id":"https:\/\/knect.pl\/#\/schema\/logo\/image\/"}}]}},"_links":{"self":[{"href":"https:\/\/knect.pl\/en\/wp-json\/wp\/v2\/pages\/1147","targetHints":{"allow":["GET"]}}],"collection":[{"href":"https:\/\/knect.pl\/en\/wp-json\/wp\/v2\/pages"}],"about":[{"href":"https:\/\/knect.pl\/en\/wp-json\/wp\/v2\/types\/page"}],"author":[{"embeddable":true,"href":"https:\/\/knect.pl\/en\/wp-json\/wp\/v2\/users\/2"}],"replies":[{"embeddable":true,"href":"https:\/\/knect.pl\/en\/wp-json\/wp\/v2\/comments?post=1147"}],"version-history":[{"count":2,"href":"https:\/\/knect.pl\/en\/wp-json\/wp\/v2\/pages\/1147\/revisions"}],"predecessor-version":[{"id":1149,"href":"https:\/\/knect.pl\/en\/wp-json\/wp\/v2\/pages\/1147\/revisions\/1149"}],"wp:attachment":[{"href":"https:\/\/knect.pl\/en\/wp-json\/wp\/v2\/media?parent=1147"}],"curies":[{"name":"wp","href":"https:\/\/api.w.org\/{rel}","templated":true}]}}