{"id":1144,"date":"2024-05-20T15:53:38","date_gmt":"2024-05-20T13:53:38","guid":{"rendered":"https:\/\/hulukitrade.unlimitech.pl\/?page_id=1144"},"modified":"2025-10-21T08:33:55","modified_gmt":"2025-10-21T06:33:55","slug":"polityka-prywatnosci","status":"publish","type":"page","link":"https:\/\/knect.pl\/en\/privacy-policy\/","title":{"rendered":"Privacy Policy (GDPR)"},"content":{"rendered":"<h2 class=\"wp-block-heading\">Please read the information below carefully. <\/h2>\n\n\n\n<p>You will learn how we process your personal data in our company. <\/p>\n\n\n\n<p>Legal basis: Regulation (EU) 2016\/679 of the European Parliament and of the Council of 27 April 2016 on the protection of natural persons with regard to the processing of personal data and on the free movement of such data, and repealing Directive 95\/46\/EC. <\/p>\n\n\n\n<p><strong>Remember that providing your personal data is voluntary. If you do not agree to providing your data, we may ask you to leave this website, then your data will not be processed. <\/strong><\/p>\n\n\n\n<p><\/p>\n\n\n\n<h2 class=\"wp-block-heading\">Who is the administrator of your personal data? <\/h2>\n\n\n\n<p>The administrator of your personal data is <strong>Fashion X Irmina Dziedzic z siedzib\u0105 w \u0141odzi przy Piasta Ko\u0142odzieja 25 lok. 7 (dalej \u201eMy\u201d albo Fashion X Irmina Dziedzic)<\/strong> operator of the website available at <strong>knect.pl (dalej knect.pl)<\/strong>.<\/p>\n\n\n\n<p><\/p>\n\n\n\n<h2 class=\"wp-block-heading\">How can I contact you regarding matters relating to the protection of my personal data? <\/h2>\n\n\n\n<p>In all matters relating to the protection of your personal data and the exercise of rights arising from the obligation to protect them, you can contact us at the following details: E-mail address: <a href=\"mailto:contact@hulukitrade.com\">contact@hulukitrade.com<\/a> Address for correspondence: <strong>Fashion X Irmina Dziedzic ul. Piasta Ko\u0142odzieja 25 lok. 7, 92-413 \u0141\u00f3d\u017a<\/strong><\/p>\n\n\n\n<p><\/p>\n\n\n\n<h2 class=\"wp-block-heading\">W jaki spos\u00f3b Fashion X Irmina Dziedzic przetwarza Pa\u0144stwa dane osobowe.<\/h2>\n\n\n\n<p><strong>Fashion X Irmina Dziedzic<\/strong> processes personal data primarily in electronic form: on password-protected computers and telephones, including on an external server hosting the website <strong>knect.pl <\/strong>and <strong>e-mail<\/strong>.<\/p>\n\n\n\n<p><strong>Fashion X Irmina Dziedzic<\/strong> also stores data in the form <strong>paper<\/strong>, dbaj\u0105c o ich odpowiednie zabezpieczenie. W oparciu o przetwarzane dane osobowe nie dochodzi do zautomatyzowanego podejmowania decyzji. Odbiorcy danych \u2013 komu Fashion X Irmina Dziedzic powierza lub udost\u0119pnia Pa\u0144stwa dane osobowe Pa\u0144stwa dane osobowe mog\u0105 zosta\u0107 ujawnione przez Fundacj\u0119 na podstawie zawartych przez ni\u0105 um\u00f3w podmiotom, kt\u00f3re \u015bwiadcz\u0105 na rzecz Fashion X Irmina Dziedzic us\u0142ugi IT oraz obs\u0142ug\u0119 ksi\u0119gow\u0105 i kadrowo-p\u0142acow\u0105. <strong>Fashion X Irmina Dziedzic nie przekazuje Pa\u0144stwa danych osobowych podmiotom spoza Europejskiego Obszaru Gospodarczego ani do organizacji mi\u0119dzynarodowych.<\/strong><\/p>\n\n\n\n<p><\/p>\n\n\n\n<h2 class=\"wp-block-heading\">W jakim celu i czyje dane przetwarza Fashion X Irmina Dziedzic:<\/h2>\n\n\n\n<p>Dane os\u00f3b kontaktuj\u0105cych si\u0119 z Fashion X Irmina Dziedzic Dane os\u00f3b, kt\u00f3re kontaktuj\u0105 si\u0119 z Fashion X Irmina Dziedzic za po\u015brednictwem formularzy kontaktowych, poczty e-mail oraz telefonu w tym infolinii, mog\u0105 obejmowa\u0107 m.in. <strong>first name and last name<\/strong>, <strong>contact details<\/strong> and <strong>possibly other data included in the content of the correspondence<\/strong>.<\/p>\n\n\n\n<p>Dane te Fashion X Irmina Dziedzic przetwarza na podstawie jej uzasadnionego interesu polegaj\u0105cego na prowadzeniu korespondencji, komunikowaniu si\u0119 i utrzymywaniu relacji. Dane s\u0105 przetwarzane w\u0142a\u015bnie w tych celach, a tak\u017ce w celach archiwizacyjnych, przez okres dzia\u0142alno\u015bci Fashion X Irmina Dziedzic. Podanie danych jest dobrowolne.<\/p>\n\n\n\n<p>Dane uczestnik\u00f3w warsztat\u00f3w i spotka\u0144 Fashion X Irmina Dziedzic organizuje wydarzenia, w kt\u00f3rych uczestnictwo wymaga niekiedy uprzedniego zg\u0142oszenia si\u0119 lub potwierdzenia udzia\u0142u na li\u015bcie obecno\u015bci. Dane os\u00f3b bior\u0105cych udzia\u0142 w naszych wydarzeniach przetwarzamy w celu realizacji i rozliczenia projekt\u00f3w, kt\u00f3re prowadzimy. Dane uczestnik\u00f3w s\u0105 przetwarzane przez okres dzia\u0142alno\u015bci Fashion X Irmina Dziedzic dla cel\u00f3w rozliczeniowych i archiwizacyjnych. Podczas niekt\u00f3rych wydarze\u0144 pytamy Pa\u0144stwa o zgod\u0119 na wykorzystanie wizerunku w postaci zdj\u0119\u0107. Wyra\u017cenie zgody jest dobrowolne. Zdj\u0119cia s\u0105 publikowane na stronie Fashion X Irmina Dziedzic oraz na portalach spo\u0142eczno\u015bciowych i s\u0105 wykorzystywane wy\u0142\u0105cznie w celu udokumentowania przebiegu wydarze\u0144 i promowania dzia\u0142a\u0144 Fashion X Irmina Dziedzic, przez okres jej dzia\u0142alno\u015bci.<\/p>\n\n\n\n<p><\/p>\n\n\n\n<h2 class=\"wp-block-heading\">Dane pracownik\u00f3w i wsp\u00f3\u0142pracownik\u00f3w Fashion X Irmina Dziedzic<\/h2>\n\n\n\n<p>Fashion X Irmina Dziedzic zatrudnia pracownik\u00f3w oraz podejmuje wsp\u00f3\u0142prac\u0119 na podstawie um\u00f3w cywilnoprawnych. Wymaga to przetwarzania danych osobowych niezb\u0119dnych do realizacji tych um\u00f3w, w zakresie okre\u015blonym przepisami prawa. Dane osobowe s\u0105 przetwarzanie przez czas wymagany zgodnie z tymi przepisami.<\/p>\n\n\n\n<p><\/p>\n\n\n\n<h2 class=\"wp-block-heading\">Social media <\/h2>\n\n\n\n<p>Fashion X Irmina Dziedzic prowadzi profile na portalach spo\u0142eczno\u015bciowych, w tym na Facebooku. Co do zasady administratorami zamieszczonych w tych serwisach danych osobowych s\u0105 te portale. Je\u015bli jednak wejd\u0105 Pa\u0144stwo w interakcj\u0119 z Fashion X Irmina Dziedzic za ich po\u015brednictwem, np. poprzez wys\u0142anie wiadomo\u015b\u0107 lub zamieszczenie komentarza Fashion X Irmina Dziedzic r\u00f3wnie\u017c staje si\u0119 administratorem tych danych (nazwa u\u017cytkownika, zdj\u0119cie, profil publiczny i informacje zawarte w wiadomo\u015bciach i komentarzach).<\/p>\n\n\n\n<p><\/p>\n\n\n\n<p>The basis for the processing of this personal data by the Foundation is its legitimate interest in communicating and maintaining relationships with people who visit our profiles on social networking sites. Rights of data subjects In connection with the processing of your personal data, you have the following rights: - the right of access to personal data and obtaining confirmation from the administrator whether your personal data is being processed, and if so, obtaining access to them and obtaining information to the extent indicated in <strong>art. 15 GDPR<\/strong>; \u2013 the right to rectify personal data that is incorrect or incomplete; \u2013 the right to delete personal data in the cases indicated in <strong>art. 17 GDPR<\/strong>, this is, among others, when the personal data are no longer necessary for the purposes for which they were collected; \u2013 the right to limit the processing of personal data in the cases indicated in <strong>art. 18 GDPR<\/strong>, among others questioning the accuracy of personal data; \u2013 the right to transfer personal data, i.e. to receive personal data from the administrator in a structured, commonly used, machine-readable format \u2013 if your data is processed on the basis of consent and the processing is carried out in an automated manner. You can then send this data to another data controller or request that the personal data be sent by the controller directly to another controller, if technically possible; \u2013 the right to object to the processing of personal data in the cases specified in <strong>art. 21 GDPR;<\/strong> \u2013 the right to lodge a complaint \u2013 if you believe that your rights have been violated, you can contact us to clarify any doubts.<\/p>\n\n\n\n<p><\/p>\n\n\n\n<p>You also have the right to submit a complaint to the President of the Personal Data Protection Office in Warsaw.<\/p>\n\n\n\n<p><\/p>\n\n\n\n<p>Zmiany Polityki Prywatno\u015bci Fashion X Irmina Dziedzic zastrzega sobie prawo zmiany tre\u015bci niniejszej Polityki Prywatno\u015bci poprzez publikacj\u0119 nowej wersji na stronie internetowej Fashion X Irmina Dziedzic.<\/p>","protected":false},"excerpt":{"rendered":"<p>Przeczytaj uwa\u017cnie poni\u017csze informacje. Dowiesz si\u0119 w jaki spos\u00f3b przetwarzamy Twoje dane osobowe w naszej firmie. Podstawa prawna: Rozporz\u0105dzenie Parlamentu Europejskiego i Rady (UE) 2016\/679 z dnia 27 kwietnia 2016 r. w sprawie ochrony os\u00f3b fizycznych w zwi\u0105zku z przetwarzaniem danych osobowych i w sprawie swobodnego przep\u0142ywu takich danych oraz uchylenia dyrektywy 95\/46\/WE. Pami\u0119taj, \u017ce [&hellip;]<\/p>","protected":false},"author":2,"featured_media":0,"parent":0,"menu_order":0,"comment_status":"closed","ping_status":"closed","template":"page-single.php","meta":{"inline_featured_image":false,"footnotes":""},"class_list":["post-1144","page","type-page","status-publish","hentry"],"acf":[],"yoast_head":"<!-- This site is optimized with the Yoast SEO plugin v22.8 - https:\/\/yoast.com\/wordpress\/plugins\/seo\/ -->\n<title>Polityka prywatno\u015bci<\/title>\n<meta name=\"description\" content=\"Dowiesz si\u0119 w jaki spos\u00f3b przetwarzamy Twoje dane osobowe w naszej firmie.\" \/>\n<meta name=\"robots\" content=\"noindex, follow, max-snippet:-1, max-image-preview:large, max-video-preview:-1\" \/>\n<meta property=\"og:locale\" content=\"en_GB\" \/>\n<meta property=\"og:type\" content=\"article\" \/>\n<meta property=\"og:title\" content=\"Polityka prywatno\u015bci\" \/>\n<meta property=\"og:description\" content=\"Dowiesz si\u0119 w jaki spos\u00f3b przetwarzamy Twoje dane osobowe w naszej firmie.\" \/>\n<meta property=\"og:url\" content=\"https:\/\/knect.pl\/en\/privacy-policy\/\" \/>\n<meta property=\"og:site_name\" content=\"K&#039;nect\" \/>\n<meta property=\"article:modified_time\" content=\"2025-10-21T06:33:55+00:00\" \/>\n<meta name=\"twitter:card\" content=\"summary_large_image\" \/>\n<meta name=\"twitter:label1\" content=\"Estimated reading time\" \/>\n\t<meta name=\"twitter:data1\" content=\"6 minutes\" \/>\n<script type=\"application\/ld+json\" class=\"yoast-schema-graph\">{\"@context\":\"https:\/\/schema.org\",\"@graph\":[{\"@type\":\"WebPage\",\"@id\":\"https:\/\/knect.pl\/polityka-prywatnosci\/\",\"url\":\"https:\/\/knect.pl\/polityka-prywatnosci\/\",\"name\":\"Polityka prywatno\u015bci\",\"isPartOf\":{\"@id\":\"https:\/\/knect.pl\/#website\"},\"datePublished\":\"2024-05-20T13:53:38+00:00\",\"dateModified\":\"2025-10-21T06:33:55+00:00\",\"description\":\"Dowiesz si\u0119 w jaki spos\u00f3b przetwarzamy Twoje dane osobowe w naszej firmie.\",\"breadcrumb\":{\"@id\":\"https:\/\/knect.pl\/polityka-prywatnosci\/#breadcrumb\"},\"inLanguage\":\"en-GB\",\"potentialAction\":[{\"@type\":\"ReadAction\",\"target\":[\"https:\/\/knect.pl\/polityka-prywatnosci\/\"]}]},{\"@type\":\"BreadcrumbList\",\"@id\":\"https:\/\/knect.pl\/polityka-prywatnosci\/#breadcrumb\",\"itemListElement\":[{\"@type\":\"ListItem\",\"position\":1,\"name\":\"Strona g\u0142\u00f3wna\",\"item\":\"https:\/\/knect.pl\/\"},{\"@type\":\"ListItem\",\"position\":2,\"name\":\"Polityka Ochrony Prywatno\u015bci (RODO)\"}]},{\"@type\":\"WebSite\",\"@id\":\"https:\/\/knect.pl\/#website\",\"url\":\"https:\/\/knect.pl\/\",\"name\":\"HulukiTrade\",\"description\":\"K&#039;nect\",\"publisher\":{\"@id\":\"https:\/\/knect.pl\/#organization\"},\"potentialAction\":[{\"@type\":\"SearchAction\",\"target\":{\"@type\":\"EntryPoint\",\"urlTemplate\":\"https:\/\/knect.pl\/?s={search_term_string}\"},\"query-input\":\"required name=search_term_string\"}],\"inLanguage\":\"en-GB\"},{\"@type\":\"Organization\",\"@id\":\"https:\/\/knect.pl\/#organization\",\"name\":\"HulukiTrade\",\"url\":\"https:\/\/knect.pl\/\",\"logo\":{\"@type\":\"ImageObject\",\"inLanguage\":\"en-GB\",\"@id\":\"https:\/\/knect.pl\/#\/schema\/logo\/image\/\",\"url\":\"https:\/\/hulukitrade.unlimitech.pl\/wp-content\/uploads\/2024\/04\/Group-12331-1.svg\",\"contentUrl\":\"https:\/\/hulukitrade.unlimitech.pl\/wp-content\/uploads\/2024\/04\/Group-12331-1.svg\",\"width\":243,\"height\":243,\"caption\":\"HulukiTrade\"},\"image\":{\"@id\":\"https:\/\/knect.pl\/#\/schema\/logo\/image\/\"}}]}<\/script>\n<!-- \/ Yoast SEO plugin. -->","yoast_head_json":{"title":"Polityka prywatno\u015bci","description":"Dowiesz si\u0119 w jaki spos\u00f3b przetwarzamy Twoje dane osobowe w naszej firmie.","robots":{"index":"noindex","follow":"follow","max-snippet":"max-snippet:-1","max-image-preview":"max-image-preview:large","max-video-preview":"max-video-preview:-1"},"og_locale":"en_GB","og_type":"article","og_title":"Polityka prywatno\u015bci","og_description":"Dowiesz si\u0119 w jaki spos\u00f3b przetwarzamy Twoje dane osobowe w naszej firmie.","og_url":"https:\/\/knect.pl\/en\/privacy-policy\/","og_site_name":"K&#039;nect","article_modified_time":"2025-10-21T06:33:55+00:00","twitter_card":"summary_large_image","twitter_misc":{"Estimated reading time":"6 minutes"},"schema":{"@context":"https:\/\/schema.org","@graph":[{"@type":"WebPage","@id":"https:\/\/knect.pl\/polityka-prywatnosci\/","url":"https:\/\/knect.pl\/polityka-prywatnosci\/","name":"Polityka prywatno\u015bci","isPartOf":{"@id":"https:\/\/knect.pl\/#website"},"datePublished":"2024-05-20T13:53:38+00:00","dateModified":"2025-10-21T06:33:55+00:00","description":"Dowiesz si\u0119 w jaki spos\u00f3b przetwarzamy Twoje dane osobowe w naszej firmie.","breadcrumb":{"@id":"https:\/\/knect.pl\/polityka-prywatnosci\/#breadcrumb"},"inLanguage":"en-GB","potentialAction":[{"@type":"ReadAction","target":["https:\/\/knect.pl\/polityka-prywatnosci\/"]}]},{"@type":"BreadcrumbList","@id":"https:\/\/knect.pl\/polityka-prywatnosci\/#breadcrumb","itemListElement":[{"@type":"ListItem","position":1,"name":"Strona g\u0142\u00f3wna","item":"https:\/\/knect.pl\/"},{"@type":"ListItem","position":2,"name":"Polityka Ochrony Prywatno\u015bci (RODO)"}]},{"@type":"WebSite","@id":"https:\/\/knect.pl\/#website","url":"https:\/\/knect.pl\/","name":"HulukiTrade","description":"K&#039;nect","publisher":{"@id":"https:\/\/knect.pl\/#organization"},"potentialAction":[{"@type":"SearchAction","target":{"@type":"EntryPoint","urlTemplate":"https:\/\/knect.pl\/?s={search_term_string}"},"query-input":"required name=search_term_string"}],"inLanguage":"en-GB"},{"@type":"Organization","@id":"https:\/\/knect.pl\/#organization","name":"HulukiTrade","url":"https:\/\/knect.pl\/","logo":{"@type":"ImageObject","inLanguage":"en-GB","@id":"https:\/\/knect.pl\/#\/schema\/logo\/image\/","url":"https:\/\/hulukitrade.unlimitech.pl\/wp-content\/uploads\/2024\/04\/Group-12331-1.svg","contentUrl":"https:\/\/hulukitrade.unlimitech.pl\/wp-content\/uploads\/2024\/04\/Group-12331-1.svg","width":243,"height":243,"caption":"HulukiTrade"},"image":{"@id":"https:\/\/knect.pl\/#\/schema\/logo\/image\/"}}]}},"_links":{"self":[{"href":"https:\/\/knect.pl\/en\/wp-json\/wp\/v2\/pages\/1144","targetHints":{"allow":["GET"]}}],"collection":[{"href":"https:\/\/knect.pl\/en\/wp-json\/wp\/v2\/pages"}],"about":[{"href":"https:\/\/knect.pl\/en\/wp-json\/wp\/v2\/types\/page"}],"author":[{"embeddable":true,"href":"https:\/\/knect.pl\/en\/wp-json\/wp\/v2\/users\/2"}],"replies":[{"embeddable":true,"href":"https:\/\/knect.pl\/en\/wp-json\/wp\/v2\/comments?post=1144"}],"version-history":[{"count":3,"href":"https:\/\/knect.pl\/en\/wp-json\/wp\/v2\/pages\/1144\/revisions"}],"predecessor-version":[{"id":1328,"href":"https:\/\/knect.pl\/en\/wp-json\/wp\/v2\/pages\/1144\/revisions\/1328"}],"wp:attachment":[{"href":"https:\/\/knect.pl\/en\/wp-json\/wp\/v2\/media?parent=1144"}],"curies":[{"name":"wp","href":"https:\/\/api.w.org\/{rel}","templated":true}]}}