{"id":1144,"date":"2024-05-20T15:53:38","date_gmt":"2024-05-20T13:53:38","guid":{"rendered":"https:\/\/hulukitrade.unlimitech.pl\/?page_id=1144"},"modified":"2025-10-21T08:33:55","modified_gmt":"2025-10-21T06:33:55","slug":"polityka-prywatnosci","status":"publish","type":"page","link":"https:\/\/knect.pl\/de\/datenschutzbestimmungen\/","title":{"rendered":"Datenschutzrichtlinie (DSGVO)"},"content":{"rendered":"<h2 class=\"wp-block-heading\">Bitte lesen Sie die folgenden Informationen sorgf\u00e4ltig durch. <\/h2>\n\n\n\n<p>Sie erfahren, wie wir Ihre personenbezogenen Daten in unserem Unternehmen verarbeiten. <\/p>\n\n\n\n<p>Rechtsgrundlage: Verordnung (EU) 2016\/679 des Europ\u00e4ischen Parlaments und des Rates vom 27. April 2016 zum Schutz nat\u00fcrlicher Personen bei der Verarbeitung personenbezogener Daten, zum freien Datenverkehr und zur Aufhebung der Richtlinie 95\/ 46\/EG. <\/p>\n\n\n\n<p><strong>Bedenken Sie, dass die Angabe Ihrer personenbezogenen Daten freiwillig ist. Wenn Sie mit der Bereitstellung Ihrer Daten nicht einverstanden sind, k\u00f6nnen wir Sie bitten, diese Website zu verlassen, dann werden Ihre Daten nicht verarbeitet. <\/strong><\/p>\n\n\n\n<p><\/p>\n\n\n\n<h2 class=\"wp-block-heading\">Wer ist der Administrator Ihrer personenbezogenen Daten? <\/h2>\n\n\n\n<p>Der Administrator Ihrer pers\u00f6nlichen Daten ist <strong>Fashion X Irmina Dziedzic z siedzib\u0105 w \u0141odzi przy Piasta Ko\u0142odzieja 25 lok. 7 (dalej \u201eMy\u201d albo Fashion X Irmina Dziedzic)<\/strong> Betreiber der Website abrufbar unter <strong>knect.pl (dalej knect.pl)<\/strong>.<\/p>\n\n\n\n<p><\/p>\n\n\n\n<h2 class=\"wp-block-heading\">Wie kann ich Sie bez\u00fcglich Fragen zum Schutz meiner personenbezogenen Daten kontaktieren? <\/h2>\n\n\n\n<p>In allen Fragen zum Schutz Ihrer personenbezogenen Daten und zur Aus\u00fcbung der sich aus der Schutzpflicht ergebenden Rechte k\u00f6nnen Sie sich unter folgenden Kontaktdaten an uns wenden: E-Mail-Adresse: <a href=\"mailto:contact@hulukitrade.com\">contact@hulukitrade.com<\/a> Korrespondenzanschrift: <strong>Fashion X Irmina Dziedzic ul. Piasta Ko\u0142odzieja 25 lok. 7, 92-413 \u0141\u00f3d\u017a<\/strong><\/p>\n\n\n\n<p><\/p>\n\n\n\n<h2 class=\"wp-block-heading\">W jaki spos\u00f3b Fashion X Irmina Dziedzic przetwarza Pa\u0144stwa dane osobowe.<\/h2>\n\n\n\n<p><strong>Fashion X Irmina Dziedzic<\/strong> verarbeitet personenbezogene Daten haupts\u00e4chlich in elektronischer Form: auf passwortgesch\u00fctzten Computern und Telefonen, einschlie\u00dflich auf einem externen Server, auf dem die Website gehostet wird <strong>knect.pl <\/strong>Und <strong>Email<\/strong>.<\/p>\n\n\n\n<p><strong>Fashion X Irmina Dziedzic<\/strong> speichert auch Daten im Formular <strong>Papier<\/strong>, dbaj\u0105c o ich odpowiednie zabezpieczenie. W oparciu o przetwarzane dane osobowe nie dochodzi do zautomatyzowanego podejmowania decyzji. Odbiorcy danych \u2013 komu Fashion X Irmina Dziedzic powierza lub udost\u0119pnia Pa\u0144stwa dane osobowe Pa\u0144stwa dane osobowe mog\u0105 zosta\u0107 ujawnione przez Fundacj\u0119 na podstawie zawartych przez ni\u0105 um\u00f3w podmiotom, kt\u00f3re \u015bwiadcz\u0105 na rzecz Fashion X Irmina Dziedzic us\u0142ugi IT oraz obs\u0142ug\u0119 ksi\u0119gow\u0105 i kadrowo-p\u0142acow\u0105. <strong>Fashion X Irmina Dziedzic nie przekazuje Pa\u0144stwa danych osobowych podmiotom spoza Europejskiego Obszaru Gospodarczego ani do organizacji mi\u0119dzynarodowych.<\/strong><\/p>\n\n\n\n<p><\/p>\n\n\n\n<h2 class=\"wp-block-heading\">W jakim celu i czyje dane przetwarza Fashion X Irmina Dziedzic:<\/h2>\n\n\n\n<p>Dane os\u00f3b kontaktuj\u0105cych si\u0119 z Fashion X Irmina Dziedzic Dane os\u00f3b, kt\u00f3re kontaktuj\u0105 si\u0119 z Fashion X Irmina Dziedzic za po\u015brednictwem formularzy kontaktowych, poczty e-mail oraz telefonu w tym infolinii, mog\u0105 obejmowa\u0107 m.in. <strong>Vorname und Nachname<\/strong>, <strong>Kontaktdetails<\/strong> Und <strong>ggf. weitere Daten, die zum Inhalt der Korrespondenz geh\u00f6ren<\/strong>.<\/p>\n\n\n\n<p>Dane te Fashion X Irmina Dziedzic przetwarza na podstawie jej uzasadnionego interesu polegaj\u0105cego na prowadzeniu korespondencji, komunikowaniu si\u0119 i utrzymywaniu relacji. Dane s\u0105 przetwarzane w\u0142a\u015bnie w tych celach, a tak\u017ce w celach archiwizacyjnych, przez okres dzia\u0142alno\u015bci Fashion X Irmina Dziedzic. Podanie danych jest dobrowolne.<\/p>\n\n\n\n<p>Dane uczestnik\u00f3w warsztat\u00f3w i spotka\u0144 Fashion X Irmina Dziedzic organizuje wydarzenia, w kt\u00f3rych uczestnictwo wymaga niekiedy uprzedniego zg\u0142oszenia si\u0119 lub potwierdzenia udzia\u0142u na li\u015bcie obecno\u015bci. Dane os\u00f3b bior\u0105cych udzia\u0142 w naszych wydarzeniach przetwarzamy w celu realizacji i rozliczenia projekt\u00f3w, kt\u00f3re prowadzimy. Dane uczestnik\u00f3w s\u0105 przetwarzane przez okres dzia\u0142alno\u015bci Fashion X Irmina Dziedzic dla cel\u00f3w rozliczeniowych i archiwizacyjnych. Podczas niekt\u00f3rych wydarze\u0144 pytamy Pa\u0144stwa o zgod\u0119 na wykorzystanie wizerunku w postaci zdj\u0119\u0107. Wyra\u017cenie zgody jest dobrowolne. Zdj\u0119cia s\u0105 publikowane na stronie Fashion X Irmina Dziedzic oraz na portalach spo\u0142eczno\u015bciowych i s\u0105 wykorzystywane wy\u0142\u0105cznie w celu udokumentowania przebiegu wydarze\u0144 i promowania dzia\u0142a\u0144 Fashion X Irmina Dziedzic, przez okres jej dzia\u0142alno\u015bci.<\/p>\n\n\n\n<p><\/p>\n\n\n\n<h2 class=\"wp-block-heading\">Dane pracownik\u00f3w i wsp\u00f3\u0142pracownik\u00f3w Fashion X Irmina Dziedzic<\/h2>\n\n\n\n<p>Fashion X Irmina Dziedzic zatrudnia pracownik\u00f3w oraz podejmuje wsp\u00f3\u0142prac\u0119 na podstawie um\u00f3w cywilnoprawnych. Wymaga to przetwarzania danych osobowych niezb\u0119dnych do realizacji tych um\u00f3w, w zakresie okre\u015blonym przepisami prawa. Dane osobowe s\u0105 przetwarzanie przez czas wymagany zgodnie z tymi przepisami.<\/p>\n\n\n\n<p><\/p>\n\n\n\n<h2 class=\"wp-block-heading\">Sozialen Medien <\/h2>\n\n\n\n<p>Fashion X Irmina Dziedzic prowadzi profile na portalach spo\u0142eczno\u015bciowych, w tym na Facebooku. Co do zasady administratorami zamieszczonych w tych serwisach danych osobowych s\u0105 te portale. Je\u015bli jednak wejd\u0105 Pa\u0144stwo w interakcj\u0119 z Fashion X Irmina Dziedzic za ich po\u015brednictwem, np. poprzez wys\u0142anie wiadomo\u015b\u0107 lub zamieszczenie komentarza Fashion X Irmina Dziedzic r\u00f3wnie\u017c staje si\u0119 administratorem tych danych (nazwa u\u017cytkownika, zdj\u0119cie, profil publiczny i informacje zawarte w wiadomo\u015bciach i komentarzach).<\/p>\n\n\n\n<p><\/p>\n\n\n\n<p>Grundlage f\u00fcr die Verarbeitung dieser personenbezogenen Daten durch die Stiftung ist ihr berechtigtes Interesse an der Kommunikation und Pflege von Beziehungen zu Personen, die unsere Profile auf sozialen Netzwerken besuchen. Rechte der betroffenen Personen Im Zusammenhang mit der Verarbeitung Ihrer personenbezogenen Daten haben Sie Folgendes Rechte: - das Recht auf Zugang zu personenbezogenen Daten und auf Erhalt einer Best\u00e4tigung durch den Administrator, ob Ihre personenbezogenen Daten verarbeitet werden, und wenn ja, auf Zugriff darauf und auf Auskunft in dem in Abschnitt angegebenen Umfang <strong>Kunst. 15 DSGVO<\/strong>; \u2013 das Recht auf Berichtigung unrichtiger oder unvollst\u00e4ndiger personenbezogener Daten; \u2013 das Recht, personenbezogene Daten in den in genannten F\u00e4llen zu l\u00f6schen <strong>Kunst. 17 DSGVO<\/strong>, das ist unter anderem wenn die personenbezogenen Daten f\u00fcr die Zwecke, f\u00fcr die sie erhoben wurden, nicht mehr erforderlich sind; \u2013 das Recht, die Verarbeitung personenbezogener Daten in den in genannten F\u00e4llen einzuschr\u00e4nken <strong>Kunst. 18 DSGVO<\/strong>, unter anderen Zweifel an der Richtigkeit Ihrer personenbezogenen Daten; \u2013 das Recht, personenbezogene Daten zu \u00fcbertragen, d. h. personenbezogene Daten vom Administrator in einem strukturierten, allgemein verwendeten und maschinenlesbaren Format zu erhalten \u2013 wenn Ihre Daten auf der Grundlage einer Einwilligung verarbeitet werden und die Verarbeitung automatisiert erfolgt. Sie k\u00f6nnen diese Daten dann an einen anderen Verantwortlichen \u00fcbermitteln oder verlangen, dass die personenbezogenen Daten vom Verantwortlichen direkt an einen anderen Verantwortlichen \u00fcbermittelt werden, sofern dies technisch m\u00f6glich ist; \u2013 das Recht, der Verarbeitung personenbezogener Daten in den in genannten F\u00e4llen zu widersprechen <strong>Kunst. 21 DSGVO;<\/strong> \u2013 das Recht, eine Beschwerde einzureichen \u2013 wenn Sie glauben, dass Ihre Rechte verletzt wurden, k\u00f6nnen Sie sich zur Kl\u00e4rung etwaiger Zweifel an uns wenden.<\/p>\n\n\n\n<p><\/p>\n\n\n\n<p>Sie haben auch das Recht, eine Beschwerde beim Pr\u00e4sidenten des Amtes f\u00fcr den Schutz personenbezogener Daten in Warschau einzureichen.<\/p>\n\n\n\n<p><\/p>\n\n\n\n<p>Zmiany Polityki Prywatno\u015bci Fashion X Irmina Dziedzic zastrzega sobie prawo zmiany tre\u015bci niniejszej Polityki Prywatno\u015bci poprzez publikacj\u0119 nowej wersji na stronie internetowej Fashion X Irmina Dziedzic.<\/p>","protected":false},"excerpt":{"rendered":"<p>Przeczytaj uwa\u017cnie poni\u017csze informacje. Dowiesz si\u0119 w jaki spos\u00f3b przetwarzamy Twoje dane osobowe w naszej firmie. Podstawa prawna: Rozporz\u0105dzenie Parlamentu Europejskiego i Rady (UE) 2016\/679 z dnia 27 kwietnia 2016 r. w sprawie ochrony os\u00f3b fizycznych w zwi\u0105zku z przetwarzaniem danych osobowych i w sprawie swobodnego przep\u0142ywu takich danych oraz uchylenia dyrektywy 95\/46\/WE. Pami\u0119taj, \u017ce [&hellip;]<\/p>","protected":false},"author":2,"featured_media":0,"parent":0,"menu_order":0,"comment_status":"closed","ping_status":"closed","template":"page-single.php","meta":{"inline_featured_image":false,"footnotes":""},"class_list":["post-1144","page","type-page","status-publish","hentry"],"acf":[],"yoast_head":"<!-- This site is optimized with the Yoast SEO plugin v22.8 - https:\/\/yoast.com\/wordpress\/plugins\/seo\/ -->\n<title>Polityka prywatno\u015bci<\/title>\n<meta name=\"description\" content=\"Dowiesz si\u0119 w jaki spos\u00f3b przetwarzamy Twoje dane osobowe w naszej firmie.\" \/>\n<meta name=\"robots\" content=\"noindex, follow, max-snippet:-1, max-image-preview:large, max-video-preview:-1\" \/>\n<meta property=\"og:locale\" content=\"de_DE\" \/>\n<meta property=\"og:type\" content=\"article\" \/>\n<meta property=\"og:title\" content=\"Polityka prywatno\u015bci\" \/>\n<meta property=\"og:description\" content=\"Dowiesz si\u0119 w jaki spos\u00f3b przetwarzamy Twoje dane osobowe w naszej firmie.\" \/>\n<meta property=\"og:url\" content=\"https:\/\/knect.pl\/de\/datenschutzbestimmungen\/\" \/>\n<meta property=\"og:site_name\" content=\"K&#039;nect\" \/>\n<meta property=\"article:modified_time\" content=\"2025-10-21T06:33:55+00:00\" \/>\n<meta name=\"twitter:card\" content=\"summary_large_image\" \/>\n<meta name=\"twitter:label1\" content=\"Gesch\u00e4tzte Lesezeit\" \/>\n\t<meta name=\"twitter:data1\" content=\"6\u00a0Minuten\" \/>\n<script type=\"application\/ld+json\" class=\"yoast-schema-graph\">{\"@context\":\"https:\/\/schema.org\",\"@graph\":[{\"@type\":\"WebPage\",\"@id\":\"https:\/\/knect.pl\/polityka-prywatnosci\/\",\"url\":\"https:\/\/knect.pl\/polityka-prywatnosci\/\",\"name\":\"Polityka prywatno\u015bci\",\"isPartOf\":{\"@id\":\"https:\/\/knect.pl\/#website\"},\"datePublished\":\"2024-05-20T13:53:38+00:00\",\"dateModified\":\"2025-10-21T06:33:55+00:00\",\"description\":\"Dowiesz si\u0119 w jaki spos\u00f3b przetwarzamy Twoje dane osobowe w naszej firmie.\",\"breadcrumb\":{\"@id\":\"https:\/\/knect.pl\/polityka-prywatnosci\/#breadcrumb\"},\"inLanguage\":\"de\",\"potentialAction\":[{\"@type\":\"ReadAction\",\"target\":[\"https:\/\/knect.pl\/polityka-prywatnosci\/\"]}]},{\"@type\":\"BreadcrumbList\",\"@id\":\"https:\/\/knect.pl\/polityka-prywatnosci\/#breadcrumb\",\"itemListElement\":[{\"@type\":\"ListItem\",\"position\":1,\"name\":\"Strona g\u0142\u00f3wna\",\"item\":\"https:\/\/knect.pl\/\"},{\"@type\":\"ListItem\",\"position\":2,\"name\":\"Polityka Ochrony Prywatno\u015bci (RODO)\"}]},{\"@type\":\"WebSite\",\"@id\":\"https:\/\/knect.pl\/#website\",\"url\":\"https:\/\/knect.pl\/\",\"name\":\"HulukiTrade\",\"description\":\"K&#039;nect\",\"publisher\":{\"@id\":\"https:\/\/knect.pl\/#organization\"},\"potentialAction\":[{\"@type\":\"SearchAction\",\"target\":{\"@type\":\"EntryPoint\",\"urlTemplate\":\"https:\/\/knect.pl\/?s={search_term_string}\"},\"query-input\":\"required name=search_term_string\"}],\"inLanguage\":\"de\"},{\"@type\":\"Organization\",\"@id\":\"https:\/\/knect.pl\/#organization\",\"name\":\"HulukiTrade\",\"url\":\"https:\/\/knect.pl\/\",\"logo\":{\"@type\":\"ImageObject\",\"inLanguage\":\"de\",\"@id\":\"https:\/\/knect.pl\/#\/schema\/logo\/image\/\",\"url\":\"https:\/\/hulukitrade.unlimitech.pl\/wp-content\/uploads\/2024\/04\/Group-12331-1.svg\",\"contentUrl\":\"https:\/\/hulukitrade.unlimitech.pl\/wp-content\/uploads\/2024\/04\/Group-12331-1.svg\",\"width\":243,\"height\":243,\"caption\":\"HulukiTrade\"},\"image\":{\"@id\":\"https:\/\/knect.pl\/#\/schema\/logo\/image\/\"}}]}<\/script>\n<!-- \/ Yoast SEO plugin. -->","yoast_head_json":{"title":"Polityka prywatno\u015bci","description":"Dowiesz si\u0119 w jaki spos\u00f3b przetwarzamy Twoje dane osobowe w naszej firmie.","robots":{"index":"noindex","follow":"follow","max-snippet":"max-snippet:-1","max-image-preview":"max-image-preview:large","max-video-preview":"max-video-preview:-1"},"og_locale":"de_DE","og_type":"article","og_title":"Polityka prywatno\u015bci","og_description":"Dowiesz si\u0119 w jaki spos\u00f3b przetwarzamy Twoje dane osobowe w naszej firmie.","og_url":"https:\/\/knect.pl\/de\/datenschutzbestimmungen\/","og_site_name":"K&#039;nect","article_modified_time":"2025-10-21T06:33:55+00:00","twitter_card":"summary_large_image","twitter_misc":{"Gesch\u00e4tzte Lesezeit":"6\u00a0Minuten"},"schema":{"@context":"https:\/\/schema.org","@graph":[{"@type":"WebPage","@id":"https:\/\/knect.pl\/polityka-prywatnosci\/","url":"https:\/\/knect.pl\/polityka-prywatnosci\/","name":"Polityka prywatno\u015bci","isPartOf":{"@id":"https:\/\/knect.pl\/#website"},"datePublished":"2024-05-20T13:53:38+00:00","dateModified":"2025-10-21T06:33:55+00:00","description":"Dowiesz si\u0119 w jaki spos\u00f3b przetwarzamy Twoje dane osobowe w naszej firmie.","breadcrumb":{"@id":"https:\/\/knect.pl\/polityka-prywatnosci\/#breadcrumb"},"inLanguage":"de","potentialAction":[{"@type":"ReadAction","target":["https:\/\/knect.pl\/polityka-prywatnosci\/"]}]},{"@type":"BreadcrumbList","@id":"https:\/\/knect.pl\/polityka-prywatnosci\/#breadcrumb","itemListElement":[{"@type":"ListItem","position":1,"name":"Strona g\u0142\u00f3wna","item":"https:\/\/knect.pl\/"},{"@type":"ListItem","position":2,"name":"Polityka Ochrony Prywatno\u015bci (RODO)"}]},{"@type":"WebSite","@id":"https:\/\/knect.pl\/#website","url":"https:\/\/knect.pl\/","name":"HulukiTrade","description":"K&#039;nect","publisher":{"@id":"https:\/\/knect.pl\/#organization"},"potentialAction":[{"@type":"SearchAction","target":{"@type":"EntryPoint","urlTemplate":"https:\/\/knect.pl\/?s={search_term_string}"},"query-input":"required name=search_term_string"}],"inLanguage":"de"},{"@type":"Organization","@id":"https:\/\/knect.pl\/#organization","name":"HulukiTrade","url":"https:\/\/knect.pl\/","logo":{"@type":"ImageObject","inLanguage":"de","@id":"https:\/\/knect.pl\/#\/schema\/logo\/image\/","url":"https:\/\/hulukitrade.unlimitech.pl\/wp-content\/uploads\/2024\/04\/Group-12331-1.svg","contentUrl":"https:\/\/hulukitrade.unlimitech.pl\/wp-content\/uploads\/2024\/04\/Group-12331-1.svg","width":243,"height":243,"caption":"HulukiTrade"},"image":{"@id":"https:\/\/knect.pl\/#\/schema\/logo\/image\/"}}]}},"_links":{"self":[{"href":"https:\/\/knect.pl\/de\/wp-json\/wp\/v2\/pages\/1144","targetHints":{"allow":["GET"]}}],"collection":[{"href":"https:\/\/knect.pl\/de\/wp-json\/wp\/v2\/pages"}],"about":[{"href":"https:\/\/knect.pl\/de\/wp-json\/wp\/v2\/types\/page"}],"author":[{"embeddable":true,"href":"https:\/\/knect.pl\/de\/wp-json\/wp\/v2\/users\/2"}],"replies":[{"embeddable":true,"href":"https:\/\/knect.pl\/de\/wp-json\/wp\/v2\/comments?post=1144"}],"version-history":[{"count":3,"href":"https:\/\/knect.pl\/de\/wp-json\/wp\/v2\/pages\/1144\/revisions"}],"predecessor-version":[{"id":1328,"href":"https:\/\/knect.pl\/de\/wp-json\/wp\/v2\/pages\/1144\/revisions\/1328"}],"wp:attachment":[{"href":"https:\/\/knect.pl\/de\/wp-json\/wp\/v2\/media?parent=1144"}],"curies":[{"name":"wp","href":"https:\/\/api.w.org\/{rel}","templated":true}]}}